{"id":4475,"date":"2023-07-08T15:31:15","date_gmt":"2023-07-08T13:31:15","guid":{"rendered":"https:\/\/palace-of-thoughts.pl\/?page_id=4475"},"modified":"2023-07-10T11:51:23","modified_gmt":"2023-07-10T09:51:23","slug":"polityka-prywatnosci","status":"publish","type":"page","link":"https:\/\/palace-of-thoughts.pl\/index.php\/polityka-prywatnosci\/","title":{"rendered":"Polityka prywatno\u015bci"},"content":{"rendered":"\t\t<div data-elementor-type=\"wp-page\" data-elementor-id=\"4475\" class=\"elementor elementor-4475\" data-elementor-post-type=\"page\">\n\t\t\t\t\t\t<section class=\"elementor-section elementor-top-section elementor-element elementor-element-01beb5d elementor-section-boxed elementor-section-height-default elementor-section-height-default wpr-particle-no wpr-jarallax-no wpr-parallax-no wpr-sticky-section-no e-parent\" data-id=\"01beb5d\" data-element_type=\"section\" data-settings=\"{&quot;background_background&quot;:&quot;classic&quot;}\">\n\t\t\t\t\t\t<div class=\"elementor-container elementor-column-gap-default\">\n\t\t\t\t\t<div class=\"elementor-column elementor-col-100 elementor-top-column elementor-element elementor-element-e98edda lakit-col-width-auto-no\" data-id=\"e98edda\" data-element_type=\"column\">\n\t\t\t<div class=\"elementor-widget-wrap\">\n\t\t\t\t\t\t\t<\/div>\n\t\t<\/div>\n\t\t\t\t\t<\/div>\n\t\t<\/section>\n\t\t\t\t<section class=\"elementor-section elementor-top-section elementor-element elementor-element-d5acac6 elementor-section-boxed elementor-section-height-default elementor-section-height-default wpr-particle-no wpr-jarallax-no wpr-parallax-no wpr-sticky-section-no e-parent\" data-id=\"d5acac6\" data-element_type=\"section\">\n\t\t\t\t\t\t<div class=\"elementor-container elementor-column-gap-default\">\n\t\t\t\t\t<div class=\"elementor-column elementor-col-100 elementor-top-column elementor-element elementor-element-4fd5f19 lakit-col-width-auto-no\" data-id=\"4fd5f19\" data-element_type=\"column\">\n\t\t\t<div class=\"elementor-widget-wrap elementor-element-populated\">\n\t\t\t\t\t\t<div class=\"elementor-element elementor-element-b28460a elementor-widget elementor-widget-heading\" data-id=\"b28460a\" data-element_type=\"widget\" data-widget_type=\"heading.default\">\n\t\t\t\t<div class=\"elementor-widget-container\">\n\t\t\t<h2 class=\"elementor-heading-title elementor-size-default\">POLITYKA PRYWATNO\u015aCI<\/h2>\t\t<\/div>\n\t\t\t\t<\/div>\n\t\t\t\t\t<\/div>\n\t\t<\/div>\n\t\t\t\t\t<\/div>\n\t\t<\/section>\n\t\t\t\t<section class=\"elementor-section elementor-top-section elementor-element elementor-element-8d316f1 elementor-section-boxed elementor-section-height-default elementor-section-height-default wpr-particle-no wpr-jarallax-no wpr-parallax-no wpr-sticky-section-no e-parent\" data-id=\"8d316f1\" data-element_type=\"section\">\n\t\t\t\t\t\t<div class=\"elementor-container elementor-column-gap-default\">\n\t\t\t\t\t<div class=\"elementor-column elementor-col-100 elementor-top-column elementor-element elementor-element-92acc76 lakit-col-width-auto-no\" data-id=\"92acc76\" data-element_type=\"column\">\n\t\t\t<div class=\"elementor-widget-wrap elementor-element-populated\">\n\t\t\t\t\t\t<div class=\"elementor-element elementor-element-d9d419c elementor-widget elementor-widget-text-editor\" data-id=\"d9d419c\" data-element_type=\"widget\" data-widget_type=\"text-editor.default\">\n\t\t\t\t<div class=\"elementor-widget-container\">\n\t\t\t\t\t\t\t<p>W zwi\u0105zku z Rozporz\u0105dzeniem Parlamentu Europejskiego i Rady UE 2016\/679 z 27 kwietnia 2016 roku w sprawie ochrony os\u00f3b fizycznych, w zwi\u0105zku z przetwarzaniem danych osobowych oraz w sprawie swobodnego przep\u0142ywu danych \u2013 tzw. RODO \u2013 przekazujemy Ci podstawowe informacje o przetwarzaniu Twoich danych.<\/p><p><b>Administrator danych <br \/><\/b>Bart\u0142omiej Mi\u015bko, z siedzib\u0105 w Rozalin 46, 24-300 Rozalin, email: palaceofthoughts.business@gmail.com<\/p><p>\u00a0<\/p><p><b>Cele przetwarzania danych<br \/><\/b>Dane osobowe b\u0119d\u0105 przetwarzane w celu kontaktu mailowego, telefonicznego i \/wysy\u0142ki newslettera. Dok\u0142adam wszelkich stara\u0144, aby by\u0142y przechowywane w bezpieczny spos\u00f3b.<\/p><p>\u00a0<\/p><p><b>Kt\u00f3re dane osobowe s\u0105 pobierane<br \/><\/b>W\u015br\u00f3d danych osobowych, pobieranych przy wysy\u0142aniu maila kontaktowego lu zapisu na newslettera znajduj\u0105 si\u0119: imi\u0119, nazwisko (je\u015bli podasz) oraz, adres email.<\/p><p>W przypadku wyboru faktury na firm\u0119, pobierane s\u0105 wszystkie dane potrzebne do wystawienia faktury,czyli: nazwa przedsi\u0119biorcy obejmuj\u0105ca firm\u0119 (nazw\u0119) oraz imi\u0119 i nazwisko w\u0142a\u015bciciela, adres siedziby, adres oddzia\u0142\u00f3w, nr NIP, adres e-mail, nr telefonu.<\/p><p>Przez Ciasteczka Cookies zbierany jest numer nadany w systemie informatycznym, adres IP.<\/p><p>Na stronie zainstalowany jest narz\u0119dzie Google Analytics. Zbiera ono informacje o czasie przebywania na ojej stronie oraz kt\u00f3re witryny zosta\u0142y odwiedzone. Nie mam jednak dost\u0119pu kim jest ta osoba.<\/p><p>\u00a0<\/p><p><b>Prawa osoby, kt\u00f3rej dane dotycz\u0105<br \/><\/b>Przys\u0142uguje Pani\/Panu prawo dost\u0119pu do Pani\/Pana danych oraz prawo \u017c\u0105dania ich sprostowania, usuni\u0119cia, ograniczenia przetwarzania.<br \/>Przys\u0142uguje Pani\/Panu r\u00f3wnie\u017c prawo wniesienia skargi do organu nadzorczego zajmuj\u0105cego si\u0119 ochron\u0105 danych osobowych, kt\u00f3rym jest Prezes Urz\u0119du Ochrony Danych Osobowych.<\/p><p>\u00a0<\/p><p><b>Podstawa prawna<br \/><\/b>Rozporz\u0105dzenie Parlamentu Europejskiego i Rady (UE) 2016\/679 z dnia 27 kwietnia 2016 r. w sprawie ochrony os\u00f3b fizycznych w zwi\u0105zku z przetwarzaniem danych osobowych i w sprawie swobodnego przep\u0142ywu takich danych oraz uchylenia dyrektywy 95\/46\/WE.<\/p><p>\u00a0<\/p><p><b>Pliki cookies<br \/><\/b>Pliki cookies to ma\u0142y fragment tekstu, kt\u00f3ry serwis internetowy wysy\u0142a do przegl\u0105darki i kt\u00f3ry przegl\u0105darka wysy\u0142a z powrotem przy nast\u0119pnych wej\u015bciach na witryn\u0119. Wykorzystujemy pliki cookies do prawid\u0142owego dzia\u0142ania strony oraz analizy ruchu na stronie. Je\u017celi chcesz zmieni\u0107 ustawienia cookies w swojej przegl\u0105darce mo\u017cesz to zrobi\u0107 wg. instrukcji podanych na poni\u017cszych stronach:<br \/>w przegl\u0105darce Chrome https:\/\/support.google.com\/chrome\/answer\/95647?hl=pl<br \/>w przegl\u0105darce Firefox https:\/\/support.mozilla.org\/pl\/kb\/wzmocniona-ochrona-przed-sledzeniem-firefox-desktop?redirectlocale=pl&amp;redirectslug=W%C5%82%C4%85czanie+i+wy%C5%82%C4%85czanie+obs%C5%82ugi+ciasteczek<\/p><p>w prz\u0119gl\u0105darce Internet Explorer https:\/\/support.microsoft.com\/pl-pl\/hub\/4338813\/windows-help?os=windows-10<br \/>w przegl\u0105darce Opera https:\/\/help.opera.com\/pl\/latest\/web-preferences\/#cookies<br \/>w przegl\u0105darce Safari https:\/\/support.apple.com\/pl-pl\/guide\/safari\/sfri11471\/mac<\/p><p>Masz pytania dotycz\u0105ce Polityki Prywatno\u015bci? Napisz!<\/p><p>palaceofthoughts.business@gmail.com<\/p>\t\t\t\t\t\t<\/div>\n\t\t\t\t<\/div>\n\t\t\t\t\t<\/div>\n\t\t<\/div>\n\t\t\t\t\t<\/div>\n\t\t<\/section>\n\t\t\t\t<\/div>\n\t\t","protected":false},"excerpt":{"rendered":"<p>POLITYKA PRYWATNO\u015aCI W zwi\u0105zku z Rozporz\u0105dzeniem Parlamentu Europejskiego i Rady UE 2016\/679 z 27 kwietnia 2016 roku w sprawie ochrony os\u00f3b fizycznych, w zwi\u0105zku z przetwarzaniem danych osobowych oraz w sprawie swobodnego przep\u0142ywu danych \u2013 tzw. RODO \u2013 przekazujemy Ci podstawowe informacje o przetwarzaniu Twoich danych. Administrator danych Bart\u0142omiej Mi\u015bko, z siedzib\u0105 w Rozalin 46, [&hellip;]<\/p>\n","protected":false},"author":1,"featured_media":0,"parent":0,"menu_order":0,"comment_status":"closed","ping_status":"closed","template":"","meta":{"_monsterinsights_skip_tracking":false,"_monsterinsights_sitenote_active":false,"_monsterinsights_sitenote_note":"","_monsterinsights_sitenote_category":0,"ocean_post_layout":"full-screen","ocean_both_sidebars_style":"","ocean_both_sidebars_content_width":0,"ocean_both_sidebars_sidebars_width":0,"ocean_sidebar":"0","ocean_second_sidebar":"0","ocean_disable_margins":"enable","ocean_add_body_class":"","ocean_shortcode_before_top_bar":"","ocean_shortcode_after_top_bar":"","ocean_shortcode_before_header":"","ocean_shortcode_after_header":"","ocean_has_shortcode":"","ocean_shortcode_after_title":"","ocean_shortcode_before_footer_widgets":"","ocean_shortcode_after_footer_widgets":"","ocean_shortcode_before_footer_bottom":"","ocean_shortcode_after_footer_bottom":"","ocean_display_top_bar":"off","ocean_display_header":"off","ocean_header_style":"","ocean_center_header_left_menu":"0","ocean_custom_header_template":"0","ocean_custom_logo":0,"ocean_custom_retina_logo":0,"ocean_custom_logo_max_width":0,"ocean_custom_logo_tablet_max_width":0,"ocean_custom_logo_mobile_max_width":0,"ocean_custom_logo_max_height":0,"ocean_custom_logo_tablet_max_height":0,"ocean_custom_logo_mobile_max_height":0,"ocean_header_custom_menu":"0","ocean_menu_typo_font_family":"0","ocean_menu_typo_font_subset":"","ocean_menu_typo_font_size":0,"ocean_menu_typo_font_size_tablet":0,"ocean_menu_typo_font_size_mobile":0,"ocean_menu_typo_font_size_unit":"px","ocean_menu_typo_font_weight":"","ocean_menu_typo_font_weight_tablet":"","ocean_menu_typo_font_weight_mobile":"","ocean_menu_typo_transform":"","ocean_menu_typo_transform_tablet":"","ocean_menu_typo_transform_mobile":"","ocean_menu_typo_line_height":0,"ocean_menu_typo_line_height_tablet":0,"ocean_menu_typo_line_height_mobile":0,"ocean_menu_typo_line_height_unit":"","ocean_menu_typo_spacing":0,"ocean_menu_typo_spacing_tablet":0,"ocean_menu_typo_spacing_mobile":0,"ocean_menu_typo_spacing_unit":"","ocean_menu_link_color":"","ocean_menu_link_color_hover":"","ocean_menu_link_color_active":"","ocean_menu_link_background":"","ocean_menu_link_hover_background":"","ocean_menu_link_active_background":"","ocean_menu_social_links_bg":"","ocean_menu_social_hover_links_bg":"","ocean_menu_social_links_color":"","ocean_menu_social_hover_links_color":"","ocean_disable_title":"on","ocean_disable_heading":"on","ocean_post_title":"","ocean_post_subheading":"","ocean_post_title_style":"","ocean_post_title_background_color":"","ocean_post_title_background":0,"ocean_post_title_bg_image_position":"","ocean_post_title_bg_image_attachment":"","ocean_post_title_bg_image_repeat":"","ocean_post_title_bg_image_size":"","ocean_post_title_height":0,"ocean_post_title_bg_overlay":0.5,"ocean_post_title_bg_overlay_color":"","ocean_disable_breadcrumbs":"default","ocean_breadcrumbs_color":"","ocean_breadcrumbs_separator_color":"","ocean_breadcrumbs_links_color":"","ocean_breadcrumbs_links_hover_color":"","ocean_display_footer_widgets":"off","ocean_display_footer_bottom":"off","ocean_custom_footer_template":"0","footnotes":""},"class_list":["post-4475","page","type-page","status-publish","hentry","entry"],"yoast_head":"<!-- This site is optimized with the Yoast SEO plugin v20.10 - https:\/\/yoast.com\/wordpress\/plugins\/seo\/ -->\n<title>Polityka prywatno\u015bci - palace-of-thoughts.shop<\/title>\n<meta name=\"robots\" content=\"index, follow, max-snippet:-1, max-image-preview:large, max-video-preview:-1\" \/>\n<link rel=\"canonical\" href=\"http:\/\/palace-of-thoughts.pl\/index.php\/polityka-prywatnosci\/\" \/>\n<meta property=\"og:locale\" content=\"pl_PL\" \/>\n<meta property=\"og:type\" content=\"article\" \/>\n<meta property=\"og:title\" content=\"Polityka prywatno\u015bci - palace-of-thoughts.shop\" \/>\n<meta property=\"og:description\" content=\"POLITYKA PRYWATNO\u015aCI W zwi\u0105zku z Rozporz\u0105dzeniem Parlamentu Europejskiego i Rady UE 2016\/679 z 27 kwietnia 2016 roku w sprawie ochrony os\u00f3b fizycznych, w zwi\u0105zku z przetwarzaniem danych osobowych oraz w sprawie swobodnego przep\u0142ywu danych \u2013 tzw. RODO \u2013 przekazujemy Ci podstawowe informacje o przetwarzaniu Twoich danych. Administrator danych Bart\u0142omiej Mi\u015bko, z siedzib\u0105 w Rozalin 46, [&hellip;]\" \/>\n<meta property=\"og:url\" content=\"http:\/\/palace-of-thoughts.pl\/index.php\/polityka-prywatnosci\/\" \/>\n<meta property=\"og:site_name\" content=\"palace-of-thoughts.shop\" \/>\n<meta property=\"article:publisher\" content=\"https:\/\/www.facebook.com\/profile.php?id=100090195961818\" \/>\n<meta property=\"article:modified_time\" content=\"2023-07-10T09:51:23+00:00\" \/>\n<meta name=\"twitter:card\" content=\"summary_large_image\" \/>\n<meta name=\"twitter:label1\" content=\"Szacowany czas czytania\" \/>\n\t<meta name=\"twitter:data1\" content=\"3 minuty\" \/>\n<script type=\"application\/ld+json\" class=\"yoast-schema-graph\">{\"@context\":\"https:\/\/schema.org\",\"@graph\":[{\"@type\":\"WebPage\",\"@id\":\"http:\/\/palace-of-thoughts.pl\/index.php\/polityka-prywatnosci\/\",\"url\":\"http:\/\/palace-of-thoughts.pl\/index.php\/polityka-prywatnosci\/\",\"name\":\"Polityka prywatno\u015bci - palace-of-thoughts.shop\",\"isPartOf\":{\"@id\":\"http:\/\/palace-of-thoughts.pl\/#website\"},\"datePublished\":\"2023-07-08T13:31:15+00:00\",\"dateModified\":\"2023-07-10T09:51:23+00:00\",\"breadcrumb\":{\"@id\":\"http:\/\/palace-of-thoughts.pl\/index.php\/polityka-prywatnosci\/#breadcrumb\"},\"inLanguage\":\"pl-PL\",\"potentialAction\":[{\"@type\":\"ReadAction\",\"target\":[\"http:\/\/palace-of-thoughts.pl\/index.php\/polityka-prywatnosci\/\"]}]},{\"@type\":\"BreadcrumbList\",\"@id\":\"http:\/\/palace-of-thoughts.pl\/index.php\/polityka-prywatnosci\/#breadcrumb\",\"itemListElement\":[{\"@type\":\"ListItem\",\"position\":1,\"name\":\"Strona g\u0142\u00f3wna\",\"item\":\"http:\/\/palace-of-thoughts.pl\/\"},{\"@type\":\"ListItem\",\"position\":2,\"name\":\"Polityka prywatno\u015bci\"}]},{\"@type\":\"WebSite\",\"@id\":\"http:\/\/palace-of-thoughts.pl\/#website\",\"url\":\"http:\/\/palace-of-thoughts.pl\/\",\"name\":\"palace-of-thoughts.shop\",\"description\":\"\",\"publisher\":{\"@id\":\"http:\/\/palace-of-thoughts.pl\/#organization\"},\"potentialAction\":[{\"@type\":\"SearchAction\",\"target\":{\"@type\":\"EntryPoint\",\"urlTemplate\":\"http:\/\/palace-of-thoughts.pl\/?s={search_term_string}\"},\"query-input\":\"required name=search_term_string\"}],\"inLanguage\":\"pl-PL\"},{\"@type\":\"Organization\",\"@id\":\"http:\/\/palace-of-thoughts.pl\/#organization\",\"name\":\"Palace of Thoughts\",\"url\":\"http:\/\/palace-of-thoughts.pl\/\",\"logo\":{\"@type\":\"ImageObject\",\"inLanguage\":\"pl-PL\",\"@id\":\"http:\/\/palace-of-thoughts.pl\/#\/schema\/logo\/image\/\",\"url\":\"https:\/\/palace-of-thoughts.pl\/wp-content\/uploads\/2023\/04\/ehhhhhh-724x1024.png\",\"contentUrl\":\"https:\/\/palace-of-thoughts.pl\/wp-content\/uploads\/2023\/04\/ehhhhhh-724x1024.png\",\"width\":724,\"height\":1024,\"caption\":\"Palace of Thoughts\"},\"image\":{\"@id\":\"http:\/\/palace-of-thoughts.pl\/#\/schema\/logo\/image\/\"},\"sameAs\":[\"https:\/\/www.facebook.com\/profile.php?id=100090195961818\",\"https:\/\/www.instagram.com\/_palace_of_thoughts_\/\",\"https:\/\/www.youtube.com\/@palaceofthoughts\",\"https:\/\/www.tiktok.com\/@palace0fthoughts\"]}]}<\/script>\n<!-- \/ Yoast SEO plugin. -->","yoast_head_json":{"title":"Polityka prywatno\u015bci - palace-of-thoughts.shop","robots":{"index":"index","follow":"follow","max-snippet":"max-snippet:-1","max-image-preview":"max-image-preview:large","max-video-preview":"max-video-preview:-1"},"canonical":"http:\/\/palace-of-thoughts.pl\/index.php\/polityka-prywatnosci\/","og_locale":"pl_PL","og_type":"article","og_title":"Polityka prywatno\u015bci - palace-of-thoughts.shop","og_description":"POLITYKA PRYWATNO\u015aCI W zwi\u0105zku z Rozporz\u0105dzeniem Parlamentu Europejskiego i Rady UE 2016\/679 z 27 kwietnia 2016 roku w sprawie ochrony os\u00f3b fizycznych, w zwi\u0105zku z przetwarzaniem danych osobowych oraz w sprawie swobodnego przep\u0142ywu danych \u2013 tzw. RODO \u2013 przekazujemy Ci podstawowe informacje o przetwarzaniu Twoich danych. Administrator danych Bart\u0142omiej Mi\u015bko, z siedzib\u0105 w Rozalin 46, [&hellip;]","og_url":"http:\/\/palace-of-thoughts.pl\/index.php\/polityka-prywatnosci\/","og_site_name":"palace-of-thoughts.shop","article_publisher":"https:\/\/www.facebook.com\/profile.php?id=100090195961818","article_modified_time":"2023-07-10T09:51:23+00:00","twitter_card":"summary_large_image","twitter_misc":{"Szacowany czas czytania":"3 minuty"},"schema":{"@context":"https:\/\/schema.org","@graph":[{"@type":"WebPage","@id":"http:\/\/palace-of-thoughts.pl\/index.php\/polityka-prywatnosci\/","url":"http:\/\/palace-of-thoughts.pl\/index.php\/polityka-prywatnosci\/","name":"Polityka prywatno\u015bci - palace-of-thoughts.shop","isPartOf":{"@id":"http:\/\/palace-of-thoughts.pl\/#website"},"datePublished":"2023-07-08T13:31:15+00:00","dateModified":"2023-07-10T09:51:23+00:00","breadcrumb":{"@id":"http:\/\/palace-of-thoughts.pl\/index.php\/polityka-prywatnosci\/#breadcrumb"},"inLanguage":"pl-PL","potentialAction":[{"@type":"ReadAction","target":["http:\/\/palace-of-thoughts.pl\/index.php\/polityka-prywatnosci\/"]}]},{"@type":"BreadcrumbList","@id":"http:\/\/palace-of-thoughts.pl\/index.php\/polityka-prywatnosci\/#breadcrumb","itemListElement":[{"@type":"ListItem","position":1,"name":"Strona g\u0142\u00f3wna","item":"http:\/\/palace-of-thoughts.pl\/"},{"@type":"ListItem","position":2,"name":"Polityka prywatno\u015bci"}]},{"@type":"WebSite","@id":"http:\/\/palace-of-thoughts.pl\/#website","url":"http:\/\/palace-of-thoughts.pl\/","name":"palace-of-thoughts.shop","description":"","publisher":{"@id":"http:\/\/palace-of-thoughts.pl\/#organization"},"potentialAction":[{"@type":"SearchAction","target":{"@type":"EntryPoint","urlTemplate":"http:\/\/palace-of-thoughts.pl\/?s={search_term_string}"},"query-input":"required name=search_term_string"}],"inLanguage":"pl-PL"},{"@type":"Organization","@id":"http:\/\/palace-of-thoughts.pl\/#organization","name":"Palace of Thoughts","url":"http:\/\/palace-of-thoughts.pl\/","logo":{"@type":"ImageObject","inLanguage":"pl-PL","@id":"http:\/\/palace-of-thoughts.pl\/#\/schema\/logo\/image\/","url":"https:\/\/palace-of-thoughts.pl\/wp-content\/uploads\/2023\/04\/ehhhhhh-724x1024.png","contentUrl":"https:\/\/palace-of-thoughts.pl\/wp-content\/uploads\/2023\/04\/ehhhhhh-724x1024.png","width":724,"height":1024,"caption":"Palace of Thoughts"},"image":{"@id":"http:\/\/palace-of-thoughts.pl\/#\/schema\/logo\/image\/"},"sameAs":["https:\/\/www.facebook.com\/profile.php?id=100090195961818","https:\/\/www.instagram.com\/_palace_of_thoughts_\/","https:\/\/www.youtube.com\/@palaceofthoughts","https:\/\/www.tiktok.com\/@palace0fthoughts"]}]}},"_links":{"self":[{"href":"https:\/\/palace-of-thoughts.pl\/index.php\/wp-json\/wp\/v2\/pages\/4475","targetHints":{"allow":["GET"]}}],"collection":[{"href":"https:\/\/palace-of-thoughts.pl\/index.php\/wp-json\/wp\/v2\/pages"}],"about":[{"href":"https:\/\/palace-of-thoughts.pl\/index.php\/wp-json\/wp\/v2\/types\/page"}],"author":[{"embeddable":true,"href":"https:\/\/palace-of-thoughts.pl\/index.php\/wp-json\/wp\/v2\/users\/1"}],"replies":[{"embeddable":true,"href":"https:\/\/palace-of-thoughts.pl\/index.php\/wp-json\/wp\/v2\/comments?post=4475"}],"version-history":[{"count":20,"href":"https:\/\/palace-of-thoughts.pl\/index.php\/wp-json\/wp\/v2\/pages\/4475\/revisions"}],"predecessor-version":[{"id":4518,"href":"https:\/\/palace-of-thoughts.pl\/index.php\/wp-json\/wp\/v2\/pages\/4475\/revisions\/4518"}],"wp:attachment":[{"href":"https:\/\/palace-of-thoughts.pl\/index.php\/wp-json\/wp\/v2\/media?parent=4475"}],"curies":[{"name":"wp","href":"https:\/\/api.w.org\/{rel}","templated":true}]}}