{"id":184,"date":"2023-04-04T19:46:27","date_gmt":"2023-04-04T17:46:27","guid":{"rendered":"https:\/\/palace-of-thoughts.pl\/?page_id=184"},"modified":"2025-02-11T15:12:25","modified_gmt":"2025-02-11T14:12:25","slug":"o-mnie","status":"publish","type":"page","link":"https:\/\/palace-of-thoughts.pl\/index.php\/o-mnie\/","title":{"rendered":"O mnie"},"content":{"rendered":"\t\t<div data-elementor-type=\"wp-page\" data-elementor-id=\"184\" class=\"elementor elementor-184\" data-elementor-post-type=\"page\">\n\t\t\t\t\t\t<section class=\"elementor-section elementor-top-section elementor-element elementor-element-62647a8 elementor-section-full_width elementor-section-height-default elementor-section-height-default wpr-particle-no wpr-jarallax-no wpr-parallax-no wpr-sticky-section-no e-parent\" data-id=\"62647a8\" data-element_type=\"section\" data-settings=\"{&quot;background_background&quot;:&quot;classic&quot;}\">\n\t\t\t\t\t\t<div class=\"elementor-container elementor-column-gap-default\">\n\t\t\t\t\t<div class=\"elementor-column elementor-col-100 elementor-top-column elementor-element elementor-element-c10f1a1 lakit-col-width-auto-no\" data-id=\"c10f1a1\" data-element_type=\"column\">\n\t\t\t<div class=\"elementor-widget-wrap\">\n\t\t\t\t\t\t\t<\/div>\n\t\t<\/div>\n\t\t\t\t\t<\/div>\n\t\t<\/section>\n\t\t\t\t<section class=\"elementor-section elementor-top-section elementor-element elementor-element-84bb98a elementor-hidden-mobile elementor-section-boxed elementor-section-height-default elementor-section-height-default wpr-particle-no wpr-jarallax-no wpr-parallax-no wpr-sticky-section-no e-parent\" data-id=\"84bb98a\" data-element_type=\"section\" data-settings=\"{&quot;background_background&quot;:&quot;classic&quot;}\">\n\t\t\t\t\t\t<div class=\"elementor-container elementor-column-gap-default\">\n\t\t\t\t\t<div class=\"elementor-column elementor-col-100 elementor-top-column elementor-element elementor-element-6f7deed lakit-col-width-auto-no\" data-id=\"6f7deed\" data-element_type=\"column\">\n\t\t\t<div class=\"elementor-widget-wrap elementor-element-populated\">\n\t\t\t\t\t\t<div class=\"elementor-element elementor-element-c90b39f elementor-widget elementor-widget-spacer\" data-id=\"c90b39f\" data-element_type=\"widget\" data-widget_type=\"spacer.default\">\n\t\t\t\t<div class=\"elementor-widget-container\">\n\t\t\t\t\t<div class=\"elementor-spacer\">\n\t\t\t<div class=\"elementor-spacer-inner\"><\/div>\n\t\t<\/div>\n\t\t\t\t<\/div>\n\t\t\t\t<\/div>\n\t\t\t\t\t<\/div>\n\t\t<\/div>\n\t\t\t\t\t<\/div>\n\t\t<\/section>\n\t\t\t\t<section class=\"elementor-section elementor-top-section elementor-element elementor-element-187d4663 elementor-section-boxed elementor-section-height-default elementor-section-height-default wpr-particle-no wpr-jarallax-no wpr-parallax-no wpr-sticky-section-no e-parent\" data-id=\"187d4663\" data-element_type=\"section\" data-settings=\"{&quot;background_background&quot;:&quot;classic&quot;}\">\n\t\t\t\t\t\t\t<div class=\"elementor-background-overlay\"><\/div>\n\t\t\t\t\t\t\t<div class=\"elementor-container elementor-column-gap-default\">\n\t\t\t\t\t<div class=\"elementor-column elementor-col-50 elementor-top-column elementor-element elementor-element-2a541f36 elementor-hidden-mobile lakit-col-width-auto-no\" data-id=\"2a541f36\" data-element_type=\"column\" data-settings=\"{&quot;background_background&quot;:&quot;classic&quot;}\">\n\t\t\t<div class=\"elementor-widget-wrap\">\n\t\t\t\t\t\t\t<\/div>\n\t\t<\/div>\n\t\t\t\t<div class=\"elementor-column elementor-col-50 elementor-top-column elementor-element elementor-element-5b0af6a9 lakit-col-width-auto-no\" data-id=\"5b0af6a9\" data-element_type=\"column\" data-settings=\"{&quot;background_background&quot;:&quot;classic&quot;}\">\n\t\t\t<div class=\"elementor-widget-wrap elementor-element-populated\">\n\t\t\t\t\t<div class=\"elementor-background-overlay\"><\/div>\n\t\t\t\t\t\t<div class=\"elementor-element elementor-element-274948eb elementor-invisible elementor-widget elementor-widget-heading\" data-id=\"274948eb\" data-element_type=\"widget\" data-settings=\"{&quot;_animation&quot;:&quot;fadeIn&quot;}\" data-widget_type=\"heading.default\">\n\t\t\t\t<div class=\"elementor-widget-container\">\n\t\t\t<h5 class=\"elementor-heading-title elementor-size-medium\">Tw\u00f3rca- Pa\u0142acu My\u015bli<\/h5>\t\t<\/div>\n\t\t\t\t<\/div>\n\t\t\t\t<div class=\"elementor-element elementor-element-74a18fd9 elementor-invisible elementor-widget elementor-widget-heading\" data-id=\"74a18fd9\" data-element_type=\"widget\" data-settings=\"{&quot;_animation&quot;:&quot;fadeIn&quot;}\" data-widget_type=\"heading.default\">\n\t\t\t\t<div class=\"elementor-widget-container\">\n\t\t\t<h2 class=\"elementor-heading-title elementor-size-xxl\">O mnie<\/h2>\t\t<\/div>\n\t\t\t\t<\/div>\n\t\t\t\t<div class=\"elementor-element elementor-element-40a0e1f5 elementor-widget-divider--view-line elementor-invisible elementor-widget elementor-widget-divider\" data-id=\"40a0e1f5\" data-element_type=\"widget\" data-settings=\"{&quot;_animation&quot;:&quot;fadeInUp&quot;}\" data-widget_type=\"divider.default\">\n\t\t\t\t<div class=\"elementor-widget-container\">\n\t\t\t\t\t<div class=\"elementor-divider\">\n\t\t\t<span class=\"elementor-divider-separator\">\n\t\t\t\t\t\t<\/span>\n\t\t<\/div>\n\t\t\t\t<\/div>\n\t\t\t\t<\/div>\n\t\t\t\t<div class=\"elementor-element elementor-element-69ab32e elementor-widget-mobile__width-initial elementor-invisible elementor-widget elementor-widget-text-editor\" data-id=\"69ab32e\" data-element_type=\"widget\" data-settings=\"{&quot;_animation&quot;:&quot;fadeIn&quot;}\" data-widget_type=\"text-editor.default\">\n\t\t\t\t<div class=\"elementor-widget-container\">\n\t\t\t\t\t\t\t<p>Pomagam rozwija\u0107 samo\u015bwiadomo\u015b\u0107, co przek\u0142ada si\u0119 na lepsze zrozumienie siebie i swoich \u017cyciowych cel\u00f3w. Pa\u0142ac My\u015bli stworzy\u0142em poprzez wieloletnie poszukiwanie skutecznych metod i technik, maj\u0105cych na celu poprawi\u0107 jako\u015b\u0107 \u017cycia. Aktualnie swoj\u0105 wiedz\u0119 poszerzam na uczelni WSB National Louis University na kierunku psychologii klinicznej.<\/p><p>\u00a0<\/p>\t\t\t\t\t\t<\/div>\n\t\t\t\t<\/div>\n\t\t\t\t<div class=\"elementor-element elementor-element-7ae6b043 elementor-align-left elementor-invisible elementor-widget elementor-widget-button\" data-id=\"7ae6b043\" data-element_type=\"widget\" data-settings=\"{&quot;_animation&quot;:&quot;fadeInUp&quot;,&quot;_animation_delay&quot;:800}\" data-widget_type=\"button.default\">\n\t\t\t\t<div class=\"elementor-widget-container\">\n\t\t\t\t\t\t\t<div class=\"elementor-button-wrapper\">\n\t\t\t\t\t<a class=\"elementor-button elementor-button-link elementor-size-md elementor-animation-sink\" href=\"https:\/\/palace-of-thoughts.pl\/index.php\/kontakt\/\" target=\"_blank\">\n\t\t\t\t\t\t<span class=\"elementor-button-content-wrapper\">\n\t\t\t\t\t\t<span class=\"elementor-button-icon\">\n\t\t\t\t<i aria-hidden=\"true\" class=\"fas fa-angle-right\"><\/i>\t\t\t<\/span>\n\t\t\t\t\t\t\t\t\t<span class=\"elementor-button-text\">Kontakt<\/span>\n\t\t\t\t\t<\/span>\n\t\t\t\t\t<\/a>\n\t\t\t\t<\/div>\n\t\t\t\t\t\t<\/div>\n\t\t\t\t<\/div>\n\t\t\t\t\t<\/div>\n\t\t<\/div>\n\t\t\t\t\t<\/div>\n\t\t<\/section>\n\t\t\t\t<section class=\"elementor-section elementor-top-section elementor-element elementor-element-1b5f5eb elementor-section-full_width elementor-section-stretched elementor-hidden-mobile elementor-section-height-default elementor-section-height-default wpr-particle-no wpr-jarallax-no wpr-parallax-no wpr-sticky-section-no e-parent\" data-id=\"1b5f5eb\" data-element_type=\"section\" data-settings=\"{&quot;stretch_section&quot;:&quot;section-stretched&quot;,&quot;background_background&quot;:&quot;classic&quot;}\">\n\t\t\t\t\t\t<div class=\"elementor-container elementor-column-gap-default\">\n\t\t\t\t\t<div class=\"elementor-column elementor-col-100 elementor-top-column elementor-element elementor-element-f18939b lakit-col-width-auto-no\" data-id=\"f18939b\" data-element_type=\"column\">\n\t\t\t<div class=\"elementor-widget-wrap elementor-element-populated\">\n\t\t\t\t\t\t<div class=\"elementor-element elementor-element-8699b0d elementor-widget elementor-widget-spacer\" data-id=\"8699b0d\" data-element_type=\"widget\" data-widget_type=\"spacer.default\">\n\t\t\t\t<div class=\"elementor-widget-container\">\n\t\t\t\t\t<div class=\"elementor-spacer\">\n\t\t\t<div class=\"elementor-spacer-inner\"><\/div>\n\t\t<\/div>\n\t\t\t\t<\/div>\n\t\t\t\t<\/div>\n\t\t\t\t\t<\/div>\n\t\t<\/div>\n\t\t\t\t\t<\/div>\n\t\t<\/section>\n\t\t\t\t<\/div>\n\t\t","protected":false},"excerpt":{"rendered":"<p>Tw\u00f3rca- Pa\u0142acu My\u015bli O mnie Pomagam rozwija\u0107 samo\u015bwiadomo\u015b\u0107, co przek\u0142ada si\u0119 na lepsze zrozumienie siebie i swoich \u017cyciowych cel\u00f3w. Pa\u0142ac My\u015bli stworzy\u0142em poprzez wieloletnie poszukiwanie skutecznych metod i technik, maj\u0105cych na celu poprawi\u0107 jako\u015b\u0107 \u017cycia. Aktualnie swoj\u0105 wiedz\u0119 poszerzam na uczelni WSB National Louis University na kierunku psychologii klinicznej. \u00a0 Kontakt<\/p>\n","protected":false},"author":1,"featured_media":0,"parent":0,"menu_order":0,"comment_status":"closed","ping_status":"closed","template":"","meta":{"_monsterinsights_skip_tracking":false,"_monsterinsights_sitenote_active":false,"_monsterinsights_sitenote_note":"","_monsterinsights_sitenote_category":0,"ocean_post_layout":"full-screen","ocean_both_sidebars_style":"","ocean_both_sidebars_content_width":0,"ocean_both_sidebars_sidebars_width":0,"ocean_sidebar":"0","ocean_second_sidebar":"0","ocean_disable_margins":"enable","ocean_add_body_class":"","ocean_shortcode_before_top_bar":"","ocean_shortcode_after_top_bar":"","ocean_shortcode_before_header":"","ocean_shortcode_after_header":"","ocean_has_shortcode":"","ocean_shortcode_after_title":"","ocean_shortcode_before_footer_widgets":"","ocean_shortcode_after_footer_widgets":"","ocean_shortcode_before_footer_bottom":"","ocean_shortcode_after_footer_bottom":"","ocean_display_top_bar":"off","ocean_display_header":"off","ocean_header_style":"","ocean_center_header_left_menu":"0","ocean_custom_header_template":"0","ocean_custom_logo":0,"ocean_custom_retina_logo":0,"ocean_custom_logo_max_width":0,"ocean_custom_logo_tablet_max_width":0,"ocean_custom_logo_mobile_max_width":0,"ocean_custom_logo_max_height":0,"ocean_custom_logo_tablet_max_height":0,"ocean_custom_logo_mobile_max_height":0,"ocean_header_custom_menu":"0","ocean_menu_typo_font_family":"0","ocean_menu_typo_font_subset":"","ocean_menu_typo_font_size":0,"ocean_menu_typo_font_size_tablet":0,"ocean_menu_typo_font_size_mobile":0,"ocean_menu_typo_font_size_unit":"px","ocean_menu_typo_font_weight":"","ocean_menu_typo_font_weight_tablet":"","ocean_menu_typo_font_weight_mobile":"","ocean_menu_typo_transform":"","ocean_menu_typo_transform_tablet":"","ocean_menu_typo_transform_mobile":"","ocean_menu_typo_line_height":0,"ocean_menu_typo_line_height_tablet":0,"ocean_menu_typo_line_height_mobile":0,"ocean_menu_typo_line_height_unit":"","ocean_menu_typo_spacing":0,"ocean_menu_typo_spacing_tablet":0,"ocean_menu_typo_spacing_mobile":0,"ocean_menu_typo_spacing_unit":"","ocean_menu_link_color":"","ocean_menu_link_color_hover":"","ocean_menu_link_color_active":"","ocean_menu_link_background":"","ocean_menu_link_hover_background":"","ocean_menu_link_active_background":"","ocean_menu_social_links_bg":"","ocean_menu_social_hover_links_bg":"","ocean_menu_social_links_color":"","ocean_menu_social_hover_links_color":"","ocean_disable_title":"on","ocean_disable_heading":"default","ocean_post_title":"","ocean_post_subheading":"","ocean_post_title_style":"","ocean_post_title_background_color":"","ocean_post_title_background":0,"ocean_post_title_bg_image_position":"","ocean_post_title_bg_image_attachment":"","ocean_post_title_bg_image_repeat":"","ocean_post_title_bg_image_size":"","ocean_post_title_height":0,"ocean_post_title_bg_overlay":0.5,"ocean_post_title_bg_overlay_color":"","ocean_disable_breadcrumbs":"default","ocean_breadcrumbs_color":"","ocean_breadcrumbs_separator_color":"","ocean_breadcrumbs_links_color":"","ocean_breadcrumbs_links_hover_color":"","ocean_display_footer_widgets":"off","ocean_display_footer_bottom":"off","ocean_custom_footer_template":"0","footnotes":""},"class_list":["post-184","page","type-page","status-publish","hentry","entry"],"yoast_head":"<!-- This site is optimized with the Yoast SEO plugin v20.10 - https:\/\/yoast.com\/wordpress\/plugins\/seo\/ -->\n<title>O mnie - palace-of-thoughts.shop<\/title>\n<meta name=\"robots\" content=\"index, follow, max-snippet:-1, max-image-preview:large, max-video-preview:-1\" \/>\n<link rel=\"canonical\" href=\"http:\/\/palace-of-thoughts.pl\/index.php\/o-mnie\/\" \/>\n<meta property=\"og:locale\" content=\"pl_PL\" \/>\n<meta property=\"og:type\" content=\"article\" \/>\n<meta property=\"og:title\" content=\"O mnie - palace-of-thoughts.shop\" \/>\n<meta property=\"og:description\" content=\"Tw\u00f3rca- Pa\u0142acu My\u015bli O mnie Pomagam rozwija\u0107 samo\u015bwiadomo\u015b\u0107, co przek\u0142ada si\u0119 na lepsze zrozumienie siebie i swoich \u017cyciowych cel\u00f3w. Pa\u0142ac My\u015bli stworzy\u0142em poprzez wieloletnie poszukiwanie skutecznych metod i technik, maj\u0105cych na celu poprawi\u0107 jako\u015b\u0107 \u017cycia. Aktualnie swoj\u0105 wiedz\u0119 poszerzam na uczelni WSB National Louis University na kierunku psychologii klinicznej. \u00a0 Kontakt\" \/>\n<meta property=\"og:url\" content=\"http:\/\/palace-of-thoughts.pl\/index.php\/o-mnie\/\" \/>\n<meta property=\"og:site_name\" content=\"palace-of-thoughts.shop\" \/>\n<meta property=\"article:publisher\" content=\"https:\/\/www.facebook.com\/profile.php?id=100090195961818\" \/>\n<meta property=\"article:modified_time\" content=\"2025-02-11T14:12:25+00:00\" \/>\n<meta name=\"twitter:card\" content=\"summary_large_image\" \/>\n<meta name=\"twitter:label1\" content=\"Szacowany czas czytania\" \/>\n\t<meta name=\"twitter:data1\" content=\"1 minuta\" \/>\n<script type=\"application\/ld+json\" class=\"yoast-schema-graph\">{\"@context\":\"https:\/\/schema.org\",\"@graph\":[{\"@type\":\"WebPage\",\"@id\":\"http:\/\/palace-of-thoughts.pl\/index.php\/o-mnie\/\",\"url\":\"http:\/\/palace-of-thoughts.pl\/index.php\/o-mnie\/\",\"name\":\"O mnie - palace-of-thoughts.shop\",\"isPartOf\":{\"@id\":\"http:\/\/palace-of-thoughts.pl\/#website\"},\"datePublished\":\"2023-04-04T17:46:27+00:00\",\"dateModified\":\"2025-02-11T14:12:25+00:00\",\"breadcrumb\":{\"@id\":\"http:\/\/palace-of-thoughts.pl\/index.php\/o-mnie\/#breadcrumb\"},\"inLanguage\":\"pl-PL\",\"potentialAction\":[{\"@type\":\"ReadAction\",\"target\":[\"http:\/\/palace-of-thoughts.pl\/index.php\/o-mnie\/\"]}]},{\"@type\":\"BreadcrumbList\",\"@id\":\"http:\/\/palace-of-thoughts.pl\/index.php\/o-mnie\/#breadcrumb\",\"itemListElement\":[{\"@type\":\"ListItem\",\"position\":1,\"name\":\"Strona g\u0142\u00f3wna\",\"item\":\"http:\/\/palace-of-thoughts.pl\/\"},{\"@type\":\"ListItem\",\"position\":2,\"name\":\"O mnie\"}]},{\"@type\":\"WebSite\",\"@id\":\"http:\/\/palace-of-thoughts.pl\/#website\",\"url\":\"http:\/\/palace-of-thoughts.pl\/\",\"name\":\"palace-of-thoughts.shop\",\"description\":\"\",\"publisher\":{\"@id\":\"http:\/\/palace-of-thoughts.pl\/#organization\"},\"potentialAction\":[{\"@type\":\"SearchAction\",\"target\":{\"@type\":\"EntryPoint\",\"urlTemplate\":\"http:\/\/palace-of-thoughts.pl\/?s={search_term_string}\"},\"query-input\":\"required name=search_term_string\"}],\"inLanguage\":\"pl-PL\"},{\"@type\":\"Organization\",\"@id\":\"http:\/\/palace-of-thoughts.pl\/#organization\",\"name\":\"Palace of Thoughts\",\"url\":\"http:\/\/palace-of-thoughts.pl\/\",\"logo\":{\"@type\":\"ImageObject\",\"inLanguage\":\"pl-PL\",\"@id\":\"http:\/\/palace-of-thoughts.pl\/#\/schema\/logo\/image\/\",\"url\":\"https:\/\/palace-of-thoughts.pl\/wp-content\/uploads\/2023\/04\/ehhhhhh-724x1024.png\",\"contentUrl\":\"https:\/\/palace-of-thoughts.pl\/wp-content\/uploads\/2023\/04\/ehhhhhh-724x1024.png\",\"width\":724,\"height\":1024,\"caption\":\"Palace of Thoughts\"},\"image\":{\"@id\":\"http:\/\/palace-of-thoughts.pl\/#\/schema\/logo\/image\/\"},\"sameAs\":[\"https:\/\/www.facebook.com\/profile.php?id=100090195961818\",\"https:\/\/www.instagram.com\/_palace_of_thoughts_\/\",\"https:\/\/www.youtube.com\/@palaceofthoughts\",\"https:\/\/www.tiktok.com\/@palace0fthoughts\"]}]}<\/script>\n<!-- \/ Yoast SEO plugin. -->","yoast_head_json":{"title":"O mnie - palace-of-thoughts.shop","robots":{"index":"index","follow":"follow","max-snippet":"max-snippet:-1","max-image-preview":"max-image-preview:large","max-video-preview":"max-video-preview:-1"},"canonical":"http:\/\/palace-of-thoughts.pl\/index.php\/o-mnie\/","og_locale":"pl_PL","og_type":"article","og_title":"O mnie - palace-of-thoughts.shop","og_description":"Tw\u00f3rca- Pa\u0142acu My\u015bli O mnie Pomagam rozwija\u0107 samo\u015bwiadomo\u015b\u0107, co przek\u0142ada si\u0119 na lepsze zrozumienie siebie i swoich \u017cyciowych cel\u00f3w. Pa\u0142ac My\u015bli stworzy\u0142em poprzez wieloletnie poszukiwanie skutecznych metod i technik, maj\u0105cych na celu poprawi\u0107 jako\u015b\u0107 \u017cycia. Aktualnie swoj\u0105 wiedz\u0119 poszerzam na uczelni WSB National Louis University na kierunku psychologii klinicznej. \u00a0 Kontakt","og_url":"http:\/\/palace-of-thoughts.pl\/index.php\/o-mnie\/","og_site_name":"palace-of-thoughts.shop","article_publisher":"https:\/\/www.facebook.com\/profile.php?id=100090195961818","article_modified_time":"2025-02-11T14:12:25+00:00","twitter_card":"summary_large_image","twitter_misc":{"Szacowany czas czytania":"1 minuta"},"schema":{"@context":"https:\/\/schema.org","@graph":[{"@type":"WebPage","@id":"http:\/\/palace-of-thoughts.pl\/index.php\/o-mnie\/","url":"http:\/\/palace-of-thoughts.pl\/index.php\/o-mnie\/","name":"O mnie - palace-of-thoughts.shop","isPartOf":{"@id":"http:\/\/palace-of-thoughts.pl\/#website"},"datePublished":"2023-04-04T17:46:27+00:00","dateModified":"2025-02-11T14:12:25+00:00","breadcrumb":{"@id":"http:\/\/palace-of-thoughts.pl\/index.php\/o-mnie\/#breadcrumb"},"inLanguage":"pl-PL","potentialAction":[{"@type":"ReadAction","target":["http:\/\/palace-of-thoughts.pl\/index.php\/o-mnie\/"]}]},{"@type":"BreadcrumbList","@id":"http:\/\/palace-of-thoughts.pl\/index.php\/o-mnie\/#breadcrumb","itemListElement":[{"@type":"ListItem","position":1,"name":"Strona g\u0142\u00f3wna","item":"http:\/\/palace-of-thoughts.pl\/"},{"@type":"ListItem","position":2,"name":"O mnie"}]},{"@type":"WebSite","@id":"http:\/\/palace-of-thoughts.pl\/#website","url":"http:\/\/palace-of-thoughts.pl\/","name":"palace-of-thoughts.shop","description":"","publisher":{"@id":"http:\/\/palace-of-thoughts.pl\/#organization"},"potentialAction":[{"@type":"SearchAction","target":{"@type":"EntryPoint","urlTemplate":"http:\/\/palace-of-thoughts.pl\/?s={search_term_string}"},"query-input":"required name=search_term_string"}],"inLanguage":"pl-PL"},{"@type":"Organization","@id":"http:\/\/palace-of-thoughts.pl\/#organization","name":"Palace of Thoughts","url":"http:\/\/palace-of-thoughts.pl\/","logo":{"@type":"ImageObject","inLanguage":"pl-PL","@id":"http:\/\/palace-of-thoughts.pl\/#\/schema\/logo\/image\/","url":"https:\/\/palace-of-thoughts.pl\/wp-content\/uploads\/2023\/04\/ehhhhhh-724x1024.png","contentUrl":"https:\/\/palace-of-thoughts.pl\/wp-content\/uploads\/2023\/04\/ehhhhhh-724x1024.png","width":724,"height":1024,"caption":"Palace of Thoughts"},"image":{"@id":"http:\/\/palace-of-thoughts.pl\/#\/schema\/logo\/image\/"},"sameAs":["https:\/\/www.facebook.com\/profile.php?id=100090195961818","https:\/\/www.instagram.com\/_palace_of_thoughts_\/","https:\/\/www.youtube.com\/@palaceofthoughts","https:\/\/www.tiktok.com\/@palace0fthoughts"]}]}},"_links":{"self":[{"href":"https:\/\/palace-of-thoughts.pl\/index.php\/wp-json\/wp\/v2\/pages\/184","targetHints":{"allow":["GET"]}}],"collection":[{"href":"https:\/\/palace-of-thoughts.pl\/index.php\/wp-json\/wp\/v2\/pages"}],"about":[{"href":"https:\/\/palace-of-thoughts.pl\/index.php\/wp-json\/wp\/v2\/types\/page"}],"author":[{"embeddable":true,"href":"https:\/\/palace-of-thoughts.pl\/index.php\/wp-json\/wp\/v2\/users\/1"}],"replies":[{"embeddable":true,"href":"https:\/\/palace-of-thoughts.pl\/index.php\/wp-json\/wp\/v2\/comments?post=184"}],"version-history":[{"count":559,"href":"https:\/\/palace-of-thoughts.pl\/index.php\/wp-json\/wp\/v2\/pages\/184\/revisions"}],"predecessor-version":[{"id":6629,"href":"https:\/\/palace-of-thoughts.pl\/index.php\/wp-json\/wp\/v2\/pages\/184\/revisions\/6629"}],"wp:attachment":[{"href":"https:\/\/palace-of-thoughts.pl\/index.php\/wp-json\/wp\/v2\/media?parent=184"}],"curies":[{"name":"wp","href":"https:\/\/api.w.org\/{rel}","templated":true}]}}